{"id":51,"date":"2025-11-04T00:47:00","date_gmt":"2025-11-04T05:47:00","guid":{"rendered":"https:\/\/pandorafarm.ec\/about\/"},"modified":"2025-11-17T16:57:50","modified_gmt":"2025-11-17T21:57:50","slug":"about","status":"publish","type":"page","link":"https:\/\/pandorafarm.ec\/es\/about\/","title":{"rendered":"Acerca"},"content":{"rendered":"<div data-elementor-type=\"wp-page\" data-elementor-id=\"51\" class=\"elementor elementor-51\">\n\t\t\t\t<div class=\"elementor-element elementor-element-6577f58 e-flex e-con-boxed e-con e-parent\" data-id=\"6577f58\" data-element_type=\"container\" data-settings=\"{&quot;background_background&quot;:&quot;classic&quot;,&quot;shape_divider_bottom&quot;:&quot;mountains&quot;}\">\n\t\t\t\t\t<div class=\"e-con-inner\">\n\t\t\t\t<div class=\"elementor-shape elementor-shape-bottom\" aria-hidden=\"true\" data-negative=\"false\">\n\t\t\t<svg xmlns=\"http:\/\/www.w3.org\/2000\/svg\" viewbox=\"0 0 1000 100\" preserveaspectratio=\"none\">\n\t<path class=\"elementor-shape-fill\" opacity=\"0.33\" d=\"M473,67.3c-203.9,88.3-263.1-34-320.3,0C66,119.1,0,59.7,0,59.7V0h1000v59.7 c0,0-62.1,26.1-94.9,29.3c-32.8,3.3-62.8-12.3-75.8-22.1C806,49.6,745.3,8.7,694.9,4.7S492.4,59,473,67.3z\"\/>\n\t<path class=\"elementor-shape-fill\" opacity=\"0.66\" d=\"M734,67.3c-45.5,0-77.2-23.2-129.1-39.1c-28.6-8.7-150.3-10.1-254,39.1 s-91.7-34.4-149.2,0C115.7,118.3,0,39.8,0,39.8V0h1000v36.5c0,0-28.2-18.5-92.1-18.5C810.2,18.1,775.7,67.3,734,67.3z\"\/>\n\t<path class=\"elementor-shape-fill\" d=\"M766.1,28.9c-200-57.5-266,65.5-395.1,19.5C242,1.8,242,5.4,184.8,20.6C128,35.8,132.3,44.9,89.9,52.5C28.6,63.7,0,0,0,0 h1000c0,0-9.9,40.9-83.6,48.1S829.6,47,766.1,28.9z\"\/>\n<\/svg>\t\t<\/div>\n\t\t<div class=\"elementor-element elementor-element-6b3bf231 e-con-full e-flex e-con e-child\" data-id=\"6b3bf231\" data-element_type=\"container\">\n\t\t\t\t<div class=\"elementor-element elementor-element-39b34dc7 elementor-widget elementor-widget-heading\" data-id=\"39b34dc7\" data-element_type=\"widget\" data-widget_type=\"heading.default\">\n\t\t\t\t\t<h1 class=\"elementor-heading-title elementor-size-default\">Sobre Nosotros<\/h1>\t\t\t\t<\/div>\n\t\t\t\t<\/div>\n\t\t\t\t\t<\/div>\n\t\t\t\t<\/div>\n\t\t<div class=\"elementor-element elementor-element-730c2ac0 e-flex e-con-boxed e-con e-parent\" data-id=\"730c2ac0\" data-element_type=\"container\" data-settings=\"{&quot;background_background&quot;:&quot;classic&quot;}\">\n\t\t\t\t\t<div class=\"e-con-inner\">\n\t\t<div class=\"elementor-element elementor-element-ba27481 e-con-full e-flex e-con e-child\" data-id=\"ba27481\" data-element_type=\"container\">\n\t\t\t\t<div class=\"elementor-element elementor-element-4e33b0f6 elementor-widget__width-initial elementor-widget-tablet__width-initial elementor-absolute elementor-hidden-phone animated-fast elementor-widget-divider--view-line elementor-invisible elementor-widget elementor-widget-divider\" data-id=\"4e33b0f6\" data-element_type=\"widget\" data-settings=\"{&quot;_position&quot;:&quot;absolute&quot;,&quot;_animation&quot;:&quot;fadeInUp&quot;,&quot;_animation_delay&quot;:140}\" data-widget_type=\"divider.default\">\n\t\t\t\t\t\t\t<div class=\"elementor-divider\">\n\t\t\t<span class=\"elementor-divider-separator\">\n\t\t\t\t\t\t<\/span>\n\t\t<\/div>\n\t\t\t\t\t\t<\/div>\n\t\t\t\t<div class=\"elementor-element elementor-element-37755ff elementor-widget elementor-widget-counter\" data-id=\"37755ff\" data-element_type=\"widget\" data-widget_type=\"counter.default\">\n\t\t\t\t\t\t\t<div class=\"elementor-counter\">\n\t\t\t<div class=\"elementor-counter-title\">A\u00f1os de experiencia<\/div>\t\t\t<div class=\"elementor-counter-number-wrapper\">\n\t\t\t\t<span class=\"elementor-counter-number-prefix\">+<\/span>\n\t\t\t\t<span class=\"elementor-counter-number\" data-duration=\"2000\" data-to-value=\"28\" data-from-value=\"0\" data-delimiter=\",\">0<\/span>\n\t\t\t\t<span class=\"elementor-counter-number-suffix\"><\/span>\n\t\t\t<\/div>\n\t\t<\/div>\n\t\t\t\t\t\t<\/div>\n\t\t\t\t<\/div>\n\t\t<div class=\"elementor-element elementor-element-243b345 e-con-full e-flex e-con e-child\" data-id=\"243b345\" data-element_type=\"container\">\n\t\t\t\t<div class=\"elementor-element elementor-element-5924359 elementor-widget__width-initial elementor-widget-tablet__width-initial elementor-absolute elementor-hidden-phone animated-fast elementor-widget-divider--view-line elementor-invisible elementor-widget elementor-widget-divider\" data-id=\"5924359\" data-element_type=\"widget\" data-settings=\"{&quot;_position&quot;:&quot;absolute&quot;,&quot;_animation&quot;:&quot;fadeInUp&quot;,&quot;_animation_delay&quot;:140}\" data-widget_type=\"divider.default\">\n\t\t\t\t\t\t\t<div class=\"elementor-divider\">\n\t\t\t<span class=\"elementor-divider-separator\">\n\t\t\t\t\t\t<\/span>\n\t\t<\/div>\n\t\t\t\t\t\t<\/div>\n\t\t\t\t<div class=\"elementor-element elementor-element-56d52c5 elementor-widget elementor-widget-counter\" data-id=\"56d52c5\" data-element_type=\"widget\" data-widget_type=\"counter.default\">\n\t\t\t\t\t\t\t<div class=\"elementor-counter\">\n\t\t\t<div class=\"elementor-counter-title\">Frutas Ex\u00f3ticas<\/div>\t\t\t<div class=\"elementor-counter-number-wrapper\">\n\t\t\t\t<span class=\"elementor-counter-number-prefix\">+<\/span>\n\t\t\t\t<span class=\"elementor-counter-number\" data-duration=\"2000\" data-to-value=\"14\" data-from-value=\"0\" data-delimiter=\",\">0<\/span>\n\t\t\t\t<span class=\"elementor-counter-number-suffix\"><\/span>\n\t\t\t<\/div>\n\t\t<\/div>\n\t\t\t\t\t\t<\/div>\n\t\t\t\t<\/div>\n\t\t<div class=\"elementor-element elementor-element-c10368c e-con-full e-flex e-con e-child\" data-id=\"c10368c\" data-element_type=\"container\">\n\t\t\t\t<div class=\"elementor-element elementor-element-d394d53 elementor-widget__width-initial elementor-widget-tablet__width-initial elementor-absolute elementor-hidden-phone animated-fast elementor-widget-divider--view-line elementor-invisible elementor-widget elementor-widget-divider\" data-id=\"d394d53\" data-element_type=\"widget\" data-settings=\"{&quot;_position&quot;:&quot;absolute&quot;,&quot;_animation&quot;:&quot;fadeInUp&quot;,&quot;_animation_delay&quot;:140}\" data-widget_type=\"divider.default\">\n\t\t\t\t\t\t\t<div class=\"elementor-divider\">\n\t\t\t<span class=\"elementor-divider-separator\">\n\t\t\t\t\t\t<\/span>\n\t\t<\/div>\n\t\t\t\t\t\t<\/div>\n\t\t\t\t<div class=\"elementor-element elementor-element-951d370 elementor-widget elementor-widget-counter\" data-id=\"951d370\" data-element_type=\"widget\" data-widget_type=\"counter.default\">\n\t\t\t\t\t\t\t<div class=\"elementor-counter\">\n\t\t\t<div class=\"elementor-counter-title\">Clientes satisfechos<\/div>\t\t\t<div class=\"elementor-counter-number-wrapper\">\n\t\t\t\t<span class=\"elementor-counter-number-prefix\">+<\/span>\n\t\t\t\t<span class=\"elementor-counter-number\" data-duration=\"2000\" data-to-value=\"80\" data-from-value=\"0\" data-delimiter=\",\">0<\/span>\n\t\t\t\t<span class=\"elementor-counter-number-suffix\"><\/span>\n\t\t\t<\/div>\n\t\t<\/div>\n\t\t\t\t\t\t<\/div>\n\t\t\t\t<\/div>\n\t\t<div class=\"elementor-element elementor-element-3fe0c17 e-con-full e-flex e-con e-child\" data-id=\"3fe0c17\" data-element_type=\"container\">\n\t\t\t\t<div class=\"elementor-element elementor-element-d7abfdf elementor-widget__width-initial elementor-widget-tablet__width-initial elementor-absolute elementor-hidden-phone animated-fast elementor-widget-divider--view-line elementor-invisible elementor-widget elementor-widget-divider\" data-id=\"d7abfdf\" data-element_type=\"widget\" data-settings=\"{&quot;_position&quot;:&quot;absolute&quot;,&quot;_animation&quot;:&quot;fadeInUp&quot;,&quot;_animation_delay&quot;:140}\" data-widget_type=\"divider.default\">\n\t\t\t\t\t\t\t<div class=\"elementor-divider\">\n\t\t\t<span class=\"elementor-divider-separator\">\n\t\t\t\t\t\t<\/span>\n\t\t<\/div>\n\t\t\t\t\t\t<\/div>\n\t\t\t\t<div class=\"elementor-element elementor-element-3d80103 elementor-widget elementor-widget-counter\" data-id=\"3d80103\" data-element_type=\"widget\" data-widget_type=\"counter.default\">\n\t\t\t\t\t\t\t<div class=\"elementor-counter\">\n\t\t\t<div class=\"elementor-counter-title\">Toneladas de producci\u00f3n por a\u00f1o<\/div>\t\t\t<div class=\"elementor-counter-number-wrapper\">\n\t\t\t\t<span class=\"elementor-counter-number-prefix\">+<\/span>\n\t\t\t\t<span class=\"elementor-counter-number\" data-duration=\"2000\" data-to-value=\"200\" data-from-value=\"0\" data-delimiter=\",\">0<\/span>\n\t\t\t\t<span class=\"elementor-counter-number-suffix\"><\/span>\n\t\t\t<\/div>\n\t\t<\/div>\n\t\t\t\t\t\t<\/div>\n\t\t\t\t<\/div>\n\t\t\t\t\t<\/div>\n\t\t\t\t<\/div>\n\t\t<div class=\"elementor-element elementor-element-c7aecee e-flex e-con-boxed e-con e-parent\" data-id=\"c7aecee\" data-element_type=\"container\">\n\t\t\t\t\t<div class=\"e-con-inner\">\n\t\t\t\t<div class=\"elementor-element elementor-element-28c1926 elementor-widget elementor-widget-text-editor\" data-id=\"28c1926\" data-element_type=\"widget\" data-widget_type=\"text-editor.default\">\n\t\t\t\t\t\t\t\t\t<div style=\"max-width: 850px; margin: 0 auto; text-align: justify; font-family: 'Poppins', sans-serif; color: #2f3e46; line-height: 1.8; padding: 50px 25px; background: rgba(249,255,249,0.8); border-radius: 24px; box-shadow: 0 6px 16px rgba(0,0,0,0.08);\">\n  <h2 style=\"color: #007a4b; font-weight: bold; font-size: 30px; text-align: center; margin-bottom: 18px;\">Nuestra Historia<\/h2>\n  <p style=\"font-size: 18px; margin: 0;\">\n    Con m\u00e1s de 28 a\u00f1os cultivando pitahaya amarilla en Palora, Pandora Farm, parte del grupo Ecualife, se ha consolidado como un referente en la exportaci\u00f3n de frutas tropicales premium desde Ecuador, brindando confianza y calidad a nuestros socios en todo el mundo.\n  <\/p>\n<\/div>\t\t\t\t\t\t\t\t<\/div>\n\t\t\t\t\t<\/div>\n\t\t\t\t<\/div>\n\t\t<div class=\"elementor-element elementor-element-f5ca368 e-flex e-con-boxed e-con e-parent\" data-id=\"f5ca368\" data-element_type=\"container\" data-settings=\"{&quot;background_background&quot;:&quot;classic&quot;}\">\n\t\t\t\t\t<div class=\"e-con-inner\">\n\t\t<div class=\"elementor-element elementor-element-5cb26da e-con-full e-flex e-con e-child\" data-id=\"5cb26da\" data-element_type=\"container\">\n\t\t\t\t<div class=\"elementor-element elementor-element-73f395d elementor-widget elementor-widget-image-carousel\" data-id=\"73f395d\" data-element_type=\"widget\" data-settings=\"{&quot;slides_to_show&quot;:&quot;1&quot;,&quot;navigation&quot;:&quot;none&quot;,&quot;autoplay&quot;:&quot;yes&quot;,&quot;pause_on_hover&quot;:&quot;yes&quot;,&quot;pause_on_interaction&quot;:&quot;yes&quot;,&quot;autoplay_speed&quot;:5000,&quot;infinite&quot;:&quot;yes&quot;,&quot;effect&quot;:&quot;slide&quot;,&quot;speed&quot;:500}\" data-widget_type=\"image-carousel.default\">\n\t\t\t\t\t\t\t<div class=\"elementor-image-carousel-wrapper swiper\" role=\"region\" aria-roledescription=\"carousel\" aria-label=\"Carrusel de im\u00e1genes\" dir=\"ltr\">\n\t\t\t<div class=\"elementor-image-carousel swiper-wrapper\" aria-live=\"off\">\n\t\t\t\t\t\t\t\t<div class=\"swiper-slide\" role=\"group\" aria-roledescription=\"slide\" aria-label=\"1 of 3\"><figure class=\"swiper-slide-inner\"><img decoding=\"async\" class=\"swiper-slide-image\" src=\"https:\/\/pandorafarm.ec\/wp-content\/uploads\/elementor\/thumbs\/Imagen-de-WhatsApp-2025-11-06-a-las-11.23.17_080aa0b3-refr2hvtc5am0p0jqjfd98j45qusl9w9x1rrffq90o.jpg\" alt=\"Imagen de WhatsApp 2025-11-06 a las 11.23.17_080aa0b3\" \/><\/figure><\/div><div class=\"swiper-slide\" role=\"group\" aria-roledescription=\"slide\" aria-label=\"2 of 3\"><figure class=\"swiper-slide-inner\"><img decoding=\"async\" class=\"swiper-slide-image\" src=\"https:\/\/pandorafarm.ec\/wp-content\/uploads\/elementor\/thumbs\/Imagen-de-WhatsApp-2025-10-14-a-las-15.11.22_06fe6b54-refr4j78582z6a21uf49nq12hstf9nzc74nmv0pjjc.jpg\" alt=\"Imagen de WhatsApp 2025-10-14 a las 15.11.22_06fe6b54\" \/><\/figure><\/div><div class=\"swiper-slide\" role=\"group\" aria-roledescription=\"slide\" aria-label=\"3 of 3\"><figure class=\"swiper-slide-inner\"><img decoding=\"async\" class=\"swiper-slide-image\" src=\"https:\/\/pandorafarm.ec\/wp-content\/uploads\/elementor\/thumbs\/Imagen-de-WhatsApp-2025-10-14-a-las-15.11.22_e2a47f87-refr4mykwk84gpwl8gqrxp2wvcaw4ge9jn9ks4jyug.jpg\" alt=\"Imagen de WhatsApp 2025-10-14 a las 15.11.22_e2a47f87\" \/><\/figure><\/div>\t\t\t<\/div>\n\t\t\t\t\t\t\t\n\t\t\t\t\t\t\t\t\t<\/div>\n\t\t\t\t\t\t<\/div>\n\t\t\t\t<\/div>\n\t\t<div class=\"elementor-element elementor-element-4f841a5 e-con-full e-flex e-con e-child\" data-id=\"4f841a5\" data-element_type=\"container\">\n\t\t\t\t<div class=\"elementor-element elementor-element-c20d7cf elementor-widget elementor-widget-text-editor\" data-id=\"c20d7cf\" data-element_type=\"widget\" data-widget_type=\"text-editor.default\">\n\t\t\t\t\t\t\t\t\t<div style=\"max-width: 850px; margin: 0 auto; text-align: justify; font-family: 'Poppins', sans-serif; color: #1f2d3d; line-height: 1.8; padding: 50px 25px; background: linear-gradient(135deg, rgba(224,247,255,0.9), rgba(240,255,250,0.9)); border-left: 6px solid #00a6c2; border-radius: 24px; box-shadow: 0 6px 16px rgba(0,0,0,0.08);\">\n  <h2 style=\"color: #007a4b; font-weight: bold; font-size: 30px; text-align: center; margin-bottom: 18px;\">\n    Misi\u00f3n\n  <\/h2>\n  <p style=\"font-size: 18px; margin: 0;\">\n    Exportamos frutas tropicales con un servicio personalizado, cumpliendo con los m\u00e1s altos est\u00e1ndares de calidad, inocuidad y puntualidad. Acompa\u00f1amos a nuestros clientes en cada etapa, creando relaciones s\u00f3lidas y duraderas basadas en compromiso y excelencia.\n  <\/p>\n<\/div>\t\t\t\t\t\t\t\t<\/div>\n\t\t\t\t<\/div>\n\t\t\t\t\t<\/div>\n\t\t\t\t<\/div>\n\t\t<div class=\"elementor-element elementor-element-dbd258d e-flex e-con-boxed e-con e-parent\" data-id=\"dbd258d\" data-element_type=\"container\" data-settings=\"{&quot;background_background&quot;:&quot;classic&quot;}\">\n\t\t\t\t\t<div class=\"e-con-inner\">\n\t\t<div class=\"elementor-element elementor-element-34b1195 e-con-full e-flex e-con e-child\" data-id=\"34b1195\" data-element_type=\"container\">\n\t\t\t\t<div class=\"elementor-element elementor-element-ae38ad1 elementor-widget elementor-widget-text-editor\" data-id=\"ae38ad1\" data-element_type=\"widget\" data-widget_type=\"text-editor.default\">\n\t\t\t\t\t\t\t\t\t<div style=\"max-width: 850px; margin: 0 auto; text-align: justify; font-family: 'Poppins', sans-serif; color: #1f2d3d; line-height: 1.8; padding: 50px 25px; background: linear-gradient(135deg, rgba(230,247,255,0.9), rgba(255,245,230,0.9)); border-left: 6px solid #0099cc; border-radius: 24px; box-shadow: 0 6px 16px rgba(0,0,0,0.08);\">\n  <h2 style=\"color: #ff9933; font-weight: bold; font-size: 30px; text-align: center; margin-bottom: 18px;\">\n    Visi\u00f3n\n  <\/h2>\n  <p style=\"font-size: 18px; margin: 0;\">\n    Ser reconocidos como la empresa l\u00edder en la exportaci\u00f3n de frutas ex\u00f3ticas ecuatorianas hacia los mercados de Estados Unidos, Canad\u00e1, Europa y Asia, destacando por la calidad de nuestros productos y el respaldo a nuestros clientes en\u00a0su\u00a0crecimiento.\n  <\/p>\n<\/div>\t\t\t\t\t\t\t\t<\/div>\n\t\t\t\t<\/div>\n\t\t<div class=\"elementor-element elementor-element-89bce3a e-con-full e-flex e-con e-child\" data-id=\"89bce3a\" data-element_type=\"container\">\n\t\t\t\t<div class=\"elementor-element elementor-element-1799708 elementor-widget elementor-widget-image-carousel\" data-id=\"1799708\" data-element_type=\"widget\" data-settings=\"{&quot;slides_to_show&quot;:&quot;1&quot;,&quot;navigation&quot;:&quot;none&quot;,&quot;autoplay&quot;:&quot;yes&quot;,&quot;pause_on_hover&quot;:&quot;yes&quot;,&quot;pause_on_interaction&quot;:&quot;yes&quot;,&quot;autoplay_speed&quot;:5000,&quot;infinite&quot;:&quot;yes&quot;,&quot;effect&quot;:&quot;slide&quot;,&quot;speed&quot;:500}\" data-widget_type=\"image-carousel.default\">\n\t\t\t\t\t\t\t<div class=\"elementor-image-carousel-wrapper swiper\" role=\"region\" aria-roledescription=\"carousel\" aria-label=\"Carrusel de im\u00e1genes\" dir=\"ltr\">\n\t\t\t<div class=\"elementor-image-carousel swiper-wrapper\" aria-live=\"off\">\n\t\t\t\t\t\t\t\t<div class=\"swiper-slide\" role=\"group\" aria-roledescription=\"slide\" aria-label=\"1 of 3\"><figure class=\"swiper-slide-inner\"><img decoding=\"async\" class=\"swiper-slide-image\" src=\"https:\/\/pandorafarm.ec\/wp-content\/uploads\/elementor\/thumbs\/Imagen-de-WhatsApp-2025-10-14-a-las-15.11.21_bf785b17-refr4dk707v98ma8rcoi8rgaxhl7zhcy6cqpzcxwko.jpg\" alt=\"Imagen de WhatsApp 2025-10-14 a las 15.11.21_bf785b17\" \/><\/figure><\/div><div class=\"swiper-slide\" role=\"group\" aria-roledescription=\"slide\" aria-label=\"2 of 3\"><figure class=\"swiper-slide-inner\"><img decoding=\"async\" class=\"swiper-slide-image\" src=\"https:\/\/pandorafarm.ec\/wp-content\/uploads\/elementor\/thumbs\/Imagen-de-WhatsApp-2025-11-06-a-las-11.22.09_7e6f1622-refr2d6mdz46en7dhze8erpt6thyisdm8eic11x7vs.jpg\" alt=\"Imagen de WhatsApp 2025-11-06 a las 11.22.09_7e6f1622\" \/><\/figure><\/div><div class=\"swiper-slide\" role=\"group\" aria-roledescription=\"slide\" aria-label=\"3 of 3\"><figure class=\"swiper-slide-inner\"><img decoding=\"async\" class=\"swiper-slide-image\" src=\"https:\/\/pandorafarm.ec\/wp-content\/uploads\/elementor\/thumbs\/Imagen-de-WhatsApp-2025-11-06-a-las-11.22.11_586bf1e1-refr2gxz5b9bp31ww10qoqrnkczfdksjkx49y5rn6w.jpg\" alt=\"Imagen de WhatsApp 2025-11-06 a las 11.22.11_586bf1e1\" \/><\/figure><\/div>\t\t\t<\/div>\n\t\t\t\t\t\t\t\n\t\t\t\t\t\t\t\t\t<\/div>\n\t\t\t\t\t\t<\/div>\n\t\t\t\t<\/div>\n\t\t\t\t\t<\/div>\n\t\t\t\t<\/div>\n\t\t<div class=\"elementor-element elementor-element-bd17ec3 e-flex e-con-boxed e-con e-parent\" data-id=\"bd17ec3\" data-element_type=\"container\">\n\t\t\t\t\t<div class=\"e-con-inner\">\n\t\t\t\t<div class=\"elementor-element elementor-element-7793243 elementor-align-center elementor-widget elementor-widget-button\" data-id=\"7793243\" data-element_type=\"widget\" data-widget_type=\"button.default\">\n\t\t\t\t\t\t\t\t\t\t<a class=\"elementor-button elementor-button-link elementor-size-sm\" href=\"https:\/\/pandorafarm.ec\/es\/Products\/\">\n\t\t\t\t\t\t<span class=\"elementor-button-content-wrapper\">\n\t\t\t\t\t\t\t\t\t<span class=\"elementor-button-text\">Cat\u00e1logo<\/span>\n\t\t\t\t\t<\/span>\n\t\t\t\t\t<\/a>\n\t\t\t\t\t\t\t\t<\/div>\n\t\t\t\t\t<\/div>\n\t\t\t\t<\/div>\n\t\t<div class=\"elementor-element elementor-element-01f245c e-flex e-con-boxed e-con e-parent\" data-id=\"01f245c\" data-element_type=\"container\" data-settings=\"{&quot;background_background&quot;:&quot;classic&quot;,&quot;shape_divider_top&quot;:&quot;mountains&quot;}\">\n\t\t\t\t\t<div class=\"e-con-inner\">\n\t\t\t\t<div class=\"elementor-shape elementor-shape-top\" aria-hidden=\"true\" data-negative=\"false\">\n\t\t\t<svg xmlns=\"http:\/\/www.w3.org\/2000\/svg\" viewbox=\"0 0 1000 100\" preserveaspectratio=\"none\">\n\t<path class=\"elementor-shape-fill\" opacity=\"0.33\" d=\"M473,67.3c-203.9,88.3-263.1-34-320.3,0C66,119.1,0,59.7,0,59.7V0h1000v59.7 c0,0-62.1,26.1-94.9,29.3c-32.8,3.3-62.8-12.3-75.8-22.1C806,49.6,745.3,8.7,694.9,4.7S492.4,59,473,67.3z\"\/>\n\t<path class=\"elementor-shape-fill\" opacity=\"0.66\" d=\"M734,67.3c-45.5,0-77.2-23.2-129.1-39.1c-28.6-8.7-150.3-10.1-254,39.1 s-91.7-34.4-149.2,0C115.7,118.3,0,39.8,0,39.8V0h1000v36.5c0,0-28.2-18.5-92.1-18.5C810.2,18.1,775.7,67.3,734,67.3z\"\/>\n\t<path class=\"elementor-shape-fill\" d=\"M766.1,28.9c-200-57.5-266,65.5-395.1,19.5C242,1.8,242,5.4,184.8,20.6C128,35.8,132.3,44.9,89.9,52.5C28.6,63.7,0,0,0,0 h1000c0,0-9.9,40.9-83.6,48.1S829.6,47,766.1,28.9z\"\/>\n<\/svg>\t\t<\/div>\n\t\t<div class=\"elementor-element elementor-element-b446715 e-con-full e-flex e-con e-child\" data-id=\"b446715\" data-element_type=\"container\">\n\t\t<div class=\"elementor-element elementor-element-e42036a e-con-full e-flex e-con e-child\" data-id=\"e42036a\" data-element_type=\"container\">\n\t\t\t\t<div class=\"elementor-element elementor-element-fdbe6d5 elementor-widget elementor-widget-image\" data-id=\"fdbe6d5\" data-element_type=\"widget\" data-widget_type=\"image.default\">\n\t\t\t\t\t\t\t\t\t\t\t\t\t\t\t<img fetchpriority=\"high\" decoding=\"async\" width=\"640\" height=\"278\" src=\"https:\/\/pandorafarm.ec\/wp-content\/uploads\/2025\/11\/Certificado-ProEcuador.png\" class=\"attachment-large size-large wp-image-252\" alt=\"\" srcset=\"https:\/\/pandorafarm.ec\/wp-content\/uploads\/2025\/11\/Certificado-ProEcuador.png 1020w, https:\/\/pandorafarm.ec\/wp-content\/uploads\/2025\/11\/Certificado-ProEcuador-300x130.png 300w, https:\/\/pandorafarm.ec\/wp-content\/uploads\/2025\/11\/Certificado-ProEcuador-768x334.png 768w, https:\/\/pandorafarm.ec\/wp-content\/uploads\/2025\/11\/Certificado-ProEcuador-18x8.png 18w\" sizes=\"(max-width: 640px) 100vw, 640px\" \/>\t\t\t\t\t\t\t\t\t\t\t\t\t\t\t<\/div>\n\t\t\t\t<\/div>\n\t\t<div class=\"elementor-element elementor-element-635e42f e-con-full e-flex e-con e-child\" data-id=\"635e42f\" data-element_type=\"container\">\n\t\t\t\t<div class=\"elementor-element elementor-element-a165ce7 elementor-widget elementor-widget-image\" data-id=\"a165ce7\" data-element_type=\"widget\" data-widget_type=\"image.default\">\n\t\t\t\t\t\t\t\t\t\t\t\t\t\t\t<img decoding=\"async\" width=\"640\" height=\"278\" src=\"https:\/\/pandorafarm.ec\/wp-content\/uploads\/2025\/11\/Certificado-Global.png\" class=\"attachment-large size-large wp-image-254\" alt=\"\" srcset=\"https:\/\/pandorafarm.ec\/wp-content\/uploads\/2025\/11\/Certificado-Global.png 1020w, https:\/\/pandorafarm.ec\/wp-content\/uploads\/2025\/11\/Certificado-Global-300x130.png 300w, https:\/\/pandorafarm.ec\/wp-content\/uploads\/2025\/11\/Certificado-Global-768x334.png 768w, https:\/\/pandorafarm.ec\/wp-content\/uploads\/2025\/11\/Certificado-Global-18x8.png 18w\" sizes=\"(max-width: 640px) 100vw, 640px\" \/>\t\t\t\t\t\t\t\t\t\t\t\t\t\t\t<\/div>\n\t\t\t\t<\/div>\n\t\t<div class=\"elementor-element elementor-element-bc8240f e-con-full e-flex e-con e-child\" data-id=\"bc8240f\" data-element_type=\"container\">\n\t\t\t\t<div class=\"elementor-element elementor-element-13ae5c1 elementor-widget elementor-widget-image\" data-id=\"13ae5c1\" data-element_type=\"widget\" data-widget_type=\"image.default\">\n\t\t\t\t\t\t\t\t\t\t\t\t\t\t\t<img decoding=\"async\" width=\"640\" height=\"278\" src=\"https:\/\/pandorafarm.ec\/wp-content\/uploads\/2025\/11\/Certificado-FDA.png\" class=\"attachment-large size-large wp-image-253\" alt=\"\" srcset=\"https:\/\/pandorafarm.ec\/wp-content\/uploads\/2025\/11\/Certificado-FDA.png 1020w, https:\/\/pandorafarm.ec\/wp-content\/uploads\/2025\/11\/Certificado-FDA-300x130.png 300w, https:\/\/pandorafarm.ec\/wp-content\/uploads\/2025\/11\/Certificado-FDA-768x334.png 768w, https:\/\/pandorafarm.ec\/wp-content\/uploads\/2025\/11\/Certificado-FDA-18x8.png 18w\" sizes=\"(max-width: 640px) 100vw, 640px\" \/>\t\t\t\t\t\t\t\t\t\t\t\t\t\t\t<\/div>\n\t\t\t\t<\/div>\n\t\t<div class=\"elementor-element elementor-element-3285ed3 e-con-full e-flex e-con e-child\" data-id=\"3285ed3\" data-element_type=\"container\">\n\t\t\t\t<div class=\"elementor-element elementor-element-fed749b elementor-widget elementor-widget-image\" data-id=\"fed749b\" data-element_type=\"widget\" data-widget_type=\"image.default\">\n\t\t\t\t\t\t\t\t\t\t\t\t\t\t\t<img loading=\"lazy\" decoding=\"async\" width=\"640\" height=\"278\" src=\"https:\/\/pandorafarm.ec\/wp-content\/uploads\/2025\/11\/Certificado-Primoris.png\" class=\"attachment-large size-large wp-image-256\" alt=\"\" srcset=\"https:\/\/pandorafarm.ec\/wp-content\/uploads\/2025\/11\/Certificado-Primoris.png 1020w, https:\/\/pandorafarm.ec\/wp-content\/uploads\/2025\/11\/Certificado-Primoris-300x130.png 300w, https:\/\/pandorafarm.ec\/wp-content\/uploads\/2025\/11\/Certificado-Primoris-768x334.png 768w, https:\/\/pandorafarm.ec\/wp-content\/uploads\/2025\/11\/Certificado-Primoris-18x8.png 18w\" sizes=\"(max-width: 640px) 100vw, 640px\" \/>\t\t\t\t\t\t\t\t\t\t\t\t\t\t\t<\/div>\n\t\t\t\t<\/div>\n\t\t<div class=\"elementor-element elementor-element-75c8017 e-con-full e-flex e-con e-child\" data-id=\"75c8017\" data-element_type=\"container\">\n\t\t\t\t<div class=\"elementor-element elementor-element-042eb11 elementor-widget elementor-widget-image\" data-id=\"042eb11\" data-element_type=\"widget\" data-widget_type=\"image.default\">\n\t\t\t\t\t\t\t\t\t\t\t\t\t\t\t<img loading=\"lazy\" decoding=\"async\" width=\"640\" height=\"278\" src=\"https:\/\/pandorafarm.ec\/wp-content\/uploads\/2025\/11\/Certificado-Grasp.png\" class=\"attachment-large size-large wp-image-255\" alt=\"\" srcset=\"https:\/\/pandorafarm.ec\/wp-content\/uploads\/2025\/11\/Certificado-Grasp.png 1020w, https:\/\/pandorafarm.ec\/wp-content\/uploads\/2025\/11\/Certificado-Grasp-300x130.png 300w, https:\/\/pandorafarm.ec\/wp-content\/uploads\/2025\/11\/Certificado-Grasp-768x334.png 768w, https:\/\/pandorafarm.ec\/wp-content\/uploads\/2025\/11\/Certificado-Grasp-18x8.png 18w\" sizes=\"(max-width: 640px) 100vw, 640px\" \/>\t\t\t\t\t\t\t\t\t\t\t\t\t\t\t<\/div>\n\t\t\t\t<\/div>\n\t\t\t\t<\/div>\n\t\t\t\t\t<\/div>\n\t\t\t\t<\/div>\n\t\t\t\t<\/div>","protected":false},"excerpt":{"rendered":"<p>About Us Year of experience + 0 Exotic fruits + 0 Satisfied customers + 0 Tons of production per year + 0 Our History With over 28 years of cultivating yellow dragon fruit in Palora, Pandora Farm, part of the Ecualife Group, has established itself as a benchmark in the export of premium tropical fruits<\/p>","protected":false},"author":1,"featured_media":0,"parent":0,"menu_order":0,"comment_status":"closed","ping_status":"closed","template":"","meta":{"solace_meta_sidebar":"","solace_meta_container":"","solace_meta_enable_content_width":"","solace_meta_content_width":0,"solace_meta_title_alignment":"","solace_meta_author_avatar":"","solace_post_elements_order":"","solace_meta_disable_header":"","solace_meta_disable_footer":"","solace_meta_disable_title":"","footnotes":""},"class_list":["post-51","page","type-page","status-publish","hentry"],"_links":{"self":[{"href":"https:\/\/pandorafarm.ec\/es\/wp-json\/wp\/v2\/pages\/51","targetHints":{"allow":["GET"]}}],"collection":[{"href":"https:\/\/pandorafarm.ec\/es\/wp-json\/wp\/v2\/pages"}],"about":[{"href":"https:\/\/pandorafarm.ec\/es\/wp-json\/wp\/v2\/types\/page"}],"author":[{"embeddable":true,"href":"https:\/\/pandorafarm.ec\/es\/wp-json\/wp\/v2\/users\/1"}],"replies":[{"embeddable":true,"href":"https:\/\/pandorafarm.ec\/es\/wp-json\/wp\/v2\/comments?post=51"}],"version-history":[{"count":28,"href":"https:\/\/pandorafarm.ec\/es\/wp-json\/wp\/v2\/pages\/51\/revisions"}],"predecessor-version":[{"id":579,"href":"https:\/\/pandorafarm.ec\/es\/wp-json\/wp\/v2\/pages\/51\/revisions\/579"}],"wp:attachment":[{"href":"https:\/\/pandorafarm.ec\/es\/wp-json\/wp\/v2\/media?parent=51"}],"curies":[{"name":"wp","href":"https:\/\/api.w.org\/{rel}","templated":true}]}}